{"id":2174,"date":"2025-11-29T21:12:59","date_gmt":"2025-11-29T21:12:59","guid":{"rendered":"https:\/\/kuyusanat.com\/?post_type=product&#038;p=2174"},"modified":"2026-03-07T10:23:17","modified_gmt":"2026-03-07T10:23:17","slug":"pempiskedicik","status":"publish","type":"product","link":"https:\/\/kuyusanat.com\/?product=pempiskedicik","title":{"rendered":"Pempi\u015f Kedicik"},"content":{"rendered":"<p>Pempis beyaz amigurumi kedi, zarif renk uyumu ve yumu\u015fak yap\u0131s\u0131yla \u00f6ne \u00e7\u0131kan \u00f6zel bir el i\u015fi oyuncakt\u0131r. %100 pamuk iplikten \u00f6r\u00fclm\u00fc\u015f, i\u00e7i antialerjik elyafla doldurulmu\u015ftur. \u00d6zellikle \u00e7ocuklar i\u00e7in g\u00fcvenli olacak \u015fekilde haz\u0131rlanm\u0131\u015ft\u0131r. Dekoratif olarak da kullan\u0131labilen bu kedi, hediye alternatifi arayanlar i\u00e7in s\u0131cak ve samimi bir se\u00e7enek sunar. El yap\u0131m\u0131 olmas\u0131 sayesinde her\u00a0biri\u00a0e\u015fsizdir.<\/p>\n","protected":false},"excerpt":{"rendered":"<p>Pembe ve beyaz tonlarda tasarlanm\u0131\u015f, sevimli amigurumi kedi oyuncak.<\/p>\n<p>&nbsp;<\/p>\n","protected":false},"featured_media":2175,"comment_status":"open","ping_status":"closed","template":"","meta":[],"brand":[],"product_brand":[],"product_cat":[128],"product_tag":[134],"class_list":{"0":"post-2174","1":"product","2":"type-product","3":"status-publish","4":"has-post-thumbnail","6":"product_cat-amigurumimalzemeleri","7":"product_tag-amigurumi","8":"grid-item","9":"left-slider","11":"first","12":"instock","13":"shipping-taxable","14":"purchasable","15":"product-type-simple"},"_links":{"self":[{"href":"https:\/\/kuyusanat.com\/index.php?rest_route=\/wp\/v2\/product\/2174","targetHints":{"allow":["GET"]}}],"collection":[{"href":"https:\/\/kuyusanat.com\/index.php?rest_route=\/wp\/v2\/product"}],"about":[{"href":"https:\/\/kuyusanat.com\/index.php?rest_route=\/wp\/v2\/types\/product"}],"replies":[{"embeddable":true,"href":"https:\/\/kuyusanat.com\/index.php?rest_route=%2Fwp%2Fv2%2Fcomments&post=2174"}],"wp:featuredmedia":[{"embeddable":true,"href":"https:\/\/kuyusanat.com\/index.php?rest_route=\/wp\/v2\/media\/2175"}],"wp:attachment":[{"href":"https:\/\/kuyusanat.com\/index.php?rest_route=%2Fwp%2Fv2%2Fmedia&parent=2174"}],"wp:term":[{"taxonomy":"brand","embeddable":true,"href":"https:\/\/kuyusanat.com\/index.php?rest_route=%2Fwp%2Fv2%2Fbrand&post=2174"},{"taxonomy":"product_brand","embeddable":true,"href":"https:\/\/kuyusanat.com\/index.php?rest_route=%2Fwp%2Fv2%2Fproduct_brand&post=2174"},{"taxonomy":"product_cat","embeddable":true,"href":"https:\/\/kuyusanat.com\/index.php?rest_route=%2Fwp%2Fv2%2Fproduct_cat&post=2174"},{"taxonomy":"product_tag","embeddable":true,"href":"https:\/\/kuyusanat.com\/index.php?rest_route=%2Fwp%2Fv2%2Fproduct_tag&post=2174"}],"curies":[{"name":"wp","href":"https:\/\/api.w.org\/{rel}","templated":true}]}}