{"id":2169,"date":"2025-11-29T21:04:29","date_gmt":"2025-11-29T21:04:29","guid":{"rendered":"https:\/\/kuyusanat.com\/?post_type=product&#038;p=2169"},"modified":"2026-03-27T12:52:16","modified_gmt":"2026-03-27T12:52:16","slug":"stitch-oyuncagimiz","status":"publish","type":"product","link":"https:\/\/kuyusanat.com\/?product=stitch-oyuncagimiz","title":{"rendered":"Stitch Oyunca\u011f\u0131m\u0131z"},"content":{"rendered":"<p>Lilo &amp; Stitch\u2019in sevilen karakteri Stitch, bu amigurumi versiyonuyla yumu\u015fak, g\u00fcvenli ve e\u011flenceli bir oyunca\u011fa d\u00f6n\u00fc\u015ft\u00fc. %100 pamuk ip ve antialerjik elyaf dolgu kullan\u0131larak elde \u00f6r\u00fclm\u00fc\u015ft\u00fcr. \u00c7ocuklar i\u00e7in g\u00fcvenli, koleksiyon severler i\u00e7in ise dekoratif bir par\u00e7ad\u0131r. Her bir detay \u00f6zenle i\u015flenmi\u015f olup, el yap\u0131m\u0131 olmas\u0131 nedeniyle her oyuncak kendine \u00f6zeldir. Hediye olarak da harika bir se\u00e7enektir.<\/p>\n","protected":false},"excerpt":{"rendered":"<p>El yap\u0131m\u0131 amigurumi Stitch oyuncak, sevimlili\u011fiyle hem \u00e7ocuklara hem koleksiyonerlere hitap eder!<\/p>\n<p>&nbsp;<\/p>\n","protected":false},"featured_media":2170,"comment_status":"open","ping_status":"closed","template":"","meta":[],"brand":[],"product_brand":[],"product_cat":[15,128],"product_tag":[134],"class_list":{"0":"post-2169","1":"product","2":"type-product","3":"status-publish","4":"has-post-thumbnail","6":"product_cat-hirdavat","7":"product_cat-amigurumimalzemeleri","8":"product_tag-amigurumi","9":"grid-item","10":"left-slider","12":"first","13":"instock","14":"sale","15":"shipping-taxable","16":"purchasable","17":"product-type-simple"},"_links":{"self":[{"href":"https:\/\/kuyusanat.com\/index.php?rest_route=\/wp\/v2\/product\/2169","targetHints":{"allow":["GET"]}}],"collection":[{"href":"https:\/\/kuyusanat.com\/index.php?rest_route=\/wp\/v2\/product"}],"about":[{"href":"https:\/\/kuyusanat.com\/index.php?rest_route=\/wp\/v2\/types\/product"}],"replies":[{"embeddable":true,"href":"https:\/\/kuyusanat.com\/index.php?rest_route=%2Fwp%2Fv2%2Fcomments&post=2169"}],"wp:featuredmedia":[{"embeddable":true,"href":"https:\/\/kuyusanat.com\/index.php?rest_route=\/wp\/v2\/media\/2170"}],"wp:attachment":[{"href":"https:\/\/kuyusanat.com\/index.php?rest_route=%2Fwp%2Fv2%2Fmedia&parent=2169"}],"wp:term":[{"taxonomy":"brand","embeddable":true,"href":"https:\/\/kuyusanat.com\/index.php?rest_route=%2Fwp%2Fv2%2Fbrand&post=2169"},{"taxonomy":"product_brand","embeddable":true,"href":"https:\/\/kuyusanat.com\/index.php?rest_route=%2Fwp%2Fv2%2Fproduct_brand&post=2169"},{"taxonomy":"product_cat","embeddable":true,"href":"https:\/\/kuyusanat.com\/index.php?rest_route=%2Fwp%2Fv2%2Fproduct_cat&post=2169"},{"taxonomy":"product_tag","embeddable":true,"href":"https:\/\/kuyusanat.com\/index.php?rest_route=%2Fwp%2Fv2%2Fproduct_tag&post=2169"}],"curies":[{"name":"wp","href":"https:\/\/api.w.org\/{rel}","templated":true}]}}