{"id":2124,"date":"2025-11-22T09:27:38","date_gmt":"2025-11-22T09:27:38","guid":{"rendered":"https:\/\/kuyusanat.com\/?post_type=product&#038;p=2124"},"modified":"2026-03-07T11:36:45","modified_gmt":"2026-03-07T11:36:45","slug":"sprey-vernik","status":"publish","type":"product","link":"https:\/\/kuyusanat.com\/?product=sprey-vernik","title":{"rendered":"Sprey Vernik"},"content":{"rendered":"<p>Sprey vernik, hobi ve el sanatlar\u0131 projelerinde pratik ve h\u0131zl\u0131 koruma sa\u011flamak i\u00e7in kullan\u0131lan ideal bir \u00fcr\u00fcnd\u00fcr. Ah\u015fap, MDF, seramik, ta\u015f ve di\u011fer y\u00fczeylerde kolayca uygulanabilir. Y\u00fczeye parlakl\u0131k kazand\u0131r\u0131rken ayn\u0131 zamanda suya ve d\u0131\u015f etkenlere kar\u015f\u0131 dayan\u0131kl\u0131l\u0131k sa\u011flar. Kuruduktan sonra \u015feffaf bir tabaka olu\u015fturarak boyay\u0131 ve y\u00fczeyi korur. Uygulamas\u0131 kolayd\u0131r, f\u0131r\u00e7a izi b\u0131rakmaz ve profesyonel bir g\u00f6r\u00fcn\u00fcm sunar. \u0130\u00e7 ve d\u0131\u015f mek\u00e2n kullan\u0131m\u0131 i\u00e7in uygundur.<\/p>\n","protected":false},"excerpt":{"rendered":"<p>Ah\u015fap, MDF ve benzeri y\u00fczeyler i\u00e7in ideal sprey vernik. Dayan\u0131kl\u0131 ve parlak bir koruma sa\u011flar.<\/p>\n","protected":false},"featured_media":2125,"comment_status":"open","ping_status":"closed","template":"","meta":[],"brand":[],"product_brand":[],"product_cat":[149,15,126,122,124],"product_tag":[112],"class_list":{"0":"post-2124","1":"product","2":"type-product","3":"status-publish","4":"has-post-thumbnail","6":"product_cat-genel","7":"product_cat-hirdavat","8":"product_cat-ahsapyakmamalzemeleri","9":"product_cat-filiografimalzemeleri","10":"product_cat-rolyefmalzemeleri","11":"product_tag-hirdavat","12":"grid-item","13":"left-slider","15":"first","16":"instock","17":"shipping-taxable","18":"purchasable","19":"product-type-simple"},"_links":{"self":[{"href":"https:\/\/kuyusanat.com\/index.php?rest_route=\/wp\/v2\/product\/2124","targetHints":{"allow":["GET"]}}],"collection":[{"href":"https:\/\/kuyusanat.com\/index.php?rest_route=\/wp\/v2\/product"}],"about":[{"href":"https:\/\/kuyusanat.com\/index.php?rest_route=\/wp\/v2\/types\/product"}],"replies":[{"embeddable":true,"href":"https:\/\/kuyusanat.com\/index.php?rest_route=%2Fwp%2Fv2%2Fcomments&post=2124"}],"wp:featuredmedia":[{"embeddable":true,"href":"https:\/\/kuyusanat.com\/index.php?rest_route=\/wp\/v2\/media\/2125"}],"wp:attachment":[{"href":"https:\/\/kuyusanat.com\/index.php?rest_route=%2Fwp%2Fv2%2Fmedia&parent=2124"}],"wp:term":[{"taxonomy":"brand","embeddable":true,"href":"https:\/\/kuyusanat.com\/index.php?rest_route=%2Fwp%2Fv2%2Fbrand&post=2124"},{"taxonomy":"product_brand","embeddable":true,"href":"https:\/\/kuyusanat.com\/index.php?rest_route=%2Fwp%2Fv2%2Fproduct_brand&post=2124"},{"taxonomy":"product_cat","embeddable":true,"href":"https:\/\/kuyusanat.com\/index.php?rest_route=%2Fwp%2Fv2%2Fproduct_cat&post=2124"},{"taxonomy":"product_tag","embeddable":true,"href":"https:\/\/kuyusanat.com\/index.php?rest_route=%2Fwp%2Fv2%2Fproduct_tag&post=2124"}],"curies":[{"name":"wp","href":"https:\/\/api.w.org\/{rel}","templated":true}]}}