{"id":1966,"date":"2025-11-20T21:34:19","date_gmt":"2025-11-20T21:34:19","guid":{"rendered":"https:\/\/kuyusanat.com\/?post_type=product&#038;p=1966"},"modified":"2026-03-27T12:55:08","modified_gmt":"2026-03-27T12:55:08","slug":"baris-manco-ahsap-yakma","status":"publish","type":"product","link":"https:\/\/kuyusanat.com\/?product=baris-manco-ahsap-yakma","title":{"rendered":"Bar\u0131\u015f MAN\u00c7O Ah\u015fap Yakma"},"content":{"rendered":"<p>T\u00fcrk m\u00fczi\u011finin efsane ismi Bar\u0131\u015f Man\u00e7o\u2019nun portresi, do\u011fal ah\u015fap y\u00fczeye yakma tekni\u011fiyle i\u015flenmi\u015ftir. Her detay el i\u015f\u00e7ili\u011fiyle haz\u0131rlanarak e\u015fsiz bir sanat eseri haline getirilmi\u015ftir. Sanatseverler ve Bar\u0131\u015f Man\u00e7o hayranlar\u0131 i\u00e7in \u00f6zel olarak tasarlanm\u0131\u015ft\u0131r. Ev, ofis ya da m\u00fczik st\u00fcdyosu gibi alanlarda estetik bir dokunu\u015f sa\u011flar. Kal\u0131c\u0131 ve anlaml\u0131 bir hediye alternatifi olarak da \u00f6ne \u00e7\u0131kar.<\/p>\n","protected":false},"excerpt":{"rendered":"<p>Bar\u0131\u015f Man\u00e7o portreli, el yap\u0131m\u0131 ah\u015fap yakma dekoratif tablo.<\/p>\n","protected":false},"featured_media":1967,"comment_status":"open","ping_status":"closed","template":"","meta":[],"brand":[],"product_brand":[],"product_cat":[149,126],"product_tag":[132],"class_list":{"0":"post-1966","1":"product","2":"type-product","3":"status-publish","4":"has-post-thumbnail","6":"product_cat-genel","7":"product_cat-ahsapyakmamalzemeleri","8":"product_tag-ahsapyakma","9":"grid-item","10":"left-slider","12":"first","13":"instock","14":"sale","15":"shipping-taxable","16":"purchasable","17":"product-type-simple"},"_links":{"self":[{"href":"https:\/\/kuyusanat.com\/index.php?rest_route=\/wp\/v2\/product\/1966","targetHints":{"allow":["GET"]}}],"collection":[{"href":"https:\/\/kuyusanat.com\/index.php?rest_route=\/wp\/v2\/product"}],"about":[{"href":"https:\/\/kuyusanat.com\/index.php?rest_route=\/wp\/v2\/types\/product"}],"replies":[{"embeddable":true,"href":"https:\/\/kuyusanat.com\/index.php?rest_route=%2Fwp%2Fv2%2Fcomments&post=1966"}],"wp:featuredmedia":[{"embeddable":true,"href":"https:\/\/kuyusanat.com\/index.php?rest_route=\/wp\/v2\/media\/1967"}],"wp:attachment":[{"href":"https:\/\/kuyusanat.com\/index.php?rest_route=%2Fwp%2Fv2%2Fmedia&parent=1966"}],"wp:term":[{"taxonomy":"brand","embeddable":true,"href":"https:\/\/kuyusanat.com\/index.php?rest_route=%2Fwp%2Fv2%2Fbrand&post=1966"},{"taxonomy":"product_brand","embeddable":true,"href":"https:\/\/kuyusanat.com\/index.php?rest_route=%2Fwp%2Fv2%2Fproduct_brand&post=1966"},{"taxonomy":"product_cat","embeddable":true,"href":"https:\/\/kuyusanat.com\/index.php?rest_route=%2Fwp%2Fv2%2Fproduct_cat&post=1966"},{"taxonomy":"product_tag","embeddable":true,"href":"https:\/\/kuyusanat.com\/index.php?rest_route=%2Fwp%2Fv2%2Fproduct_tag&post=1966"}],"curies":[{"name":"wp","href":"https:\/\/api.w.org\/{rel}","templated":true}]}}