{"id":1964,"date":"2025-11-20T21:22:00","date_gmt":"2025-11-20T21:22:00","guid":{"rendered":"https:\/\/kuyusanat.com\/?post_type=product&#038;p=1964"},"modified":"2026-03-27T13:20:30","modified_gmt":"2026-03-27T13:20:30","slug":"atatutkportesiahsapyakma","status":"publish","type":"product","link":"https:\/\/kuyusanat.com\/?product=atatutkportesiahsapyakma","title":{"rendered":"Atat\u00fcrk Portresi Ah\u015fap Yakma"},"content":{"rendered":"<p>Ulu \u00d6nder Mustafa Kemal Atat\u00fcrk\u2019\u00fcn portresinin kavak kontraplak \u00fczerine yakma tekni\u011fiyle i\u015flendi\u011fi bu \u00f6zel tablo, tamamen el eme\u011fidir. Ah\u015fab\u0131n do\u011fal dokusuyla birle\u015fen yakma sanat\u0131, esere derinlik ve s\u0131cakl\u0131k kazand\u0131r\u0131r. Ofis, \u00e7al\u0131\u015fma odas\u0131, okul veya ya\u015fam alanlar\u0131nda anlaml\u0131 bir dekoratif unsur olarak kullan\u0131labilir. \u00d6zg\u00fcn ve kal\u0131c\u0131 bir hediye se\u00e7ene\u011fi olarak da tercih edilebilir.<\/p>\n","protected":false},"excerpt":{"rendered":"<p>Atat\u00fcrk portreli ah\u015fap yakma tekni\u011fiyle haz\u0131rlanm\u0131\u015f el yap\u0131m\u0131 dekoratif tablo.<\/p>\n","protected":false},"featured_media":1965,"comment_status":"open","ping_status":"closed","template":"","meta":[],"brand":[],"product_brand":[],"product_cat":[149,126],"product_tag":[132],"class_list":{"0":"post-1964","1":"product","2":"type-product","3":"status-publish","4":"has-post-thumbnail","6":"product_cat-genel","7":"product_cat-ahsapyakmamalzemeleri","8":"product_tag-ahsapyakma","9":"grid-item","10":"left-slider","12":"first","13":"instock","14":"sale","15":"shipping-taxable","16":"purchasable","17":"product-type-simple"},"_links":{"self":[{"href":"https:\/\/kuyusanat.com\/index.php?rest_route=\/wp\/v2\/product\/1964","targetHints":{"allow":["GET"]}}],"collection":[{"href":"https:\/\/kuyusanat.com\/index.php?rest_route=\/wp\/v2\/product"}],"about":[{"href":"https:\/\/kuyusanat.com\/index.php?rest_route=\/wp\/v2\/types\/product"}],"replies":[{"embeddable":true,"href":"https:\/\/kuyusanat.com\/index.php?rest_route=%2Fwp%2Fv2%2Fcomments&post=1964"}],"wp:featuredmedia":[{"embeddable":true,"href":"https:\/\/kuyusanat.com\/index.php?rest_route=\/wp\/v2\/media\/1965"}],"wp:attachment":[{"href":"https:\/\/kuyusanat.com\/index.php?rest_route=%2Fwp%2Fv2%2Fmedia&parent=1964"}],"wp:term":[{"taxonomy":"brand","embeddable":true,"href":"https:\/\/kuyusanat.com\/index.php?rest_route=%2Fwp%2Fv2%2Fbrand&post=1964"},{"taxonomy":"product_brand","embeddable":true,"href":"https:\/\/kuyusanat.com\/index.php?rest_route=%2Fwp%2Fv2%2Fproduct_brand&post=1964"},{"taxonomy":"product_cat","embeddable":true,"href":"https:\/\/kuyusanat.com\/index.php?rest_route=%2Fwp%2Fv2%2Fproduct_cat&post=1964"},{"taxonomy":"product_tag","embeddable":true,"href":"https:\/\/kuyusanat.com\/index.php?rest_route=%2Fwp%2Fv2%2Fproduct_tag&post=1964"}],"curies":[{"name":"wp","href":"https:\/\/api.w.org\/{rel}","templated":true}]}}