{"id":1961,"date":"2025-11-20T21:16:22","date_gmt":"2025-11-20T21:16:22","guid":{"rendered":"https:\/\/kuyusanat.com\/?post_type=product&#038;p=1961"},"modified":"2026-03-27T13:20:56","modified_gmt":"2026-03-27T13:20:56","slug":"fenerbahce-tablosu","status":"publish","type":"product","link":"https:\/\/kuyusanat.com\/?product=fenerbahce-tablosu","title":{"rendered":"FENERBAH\u00c7E Tablosu"},"content":{"rendered":"<p>Fenerbah\u00e7e taraftarlar\u0131 i\u00e7in \u00f6zel olarak haz\u0131rlanan bu filiografi tablo, sar\u0131-lacivert renklere g\u00f6n\u00fcl verenler i\u00e7in \u015f\u0131k bir dekoratif \u00fcr\u00fcnd\u00fcr. El i\u015f\u00e7ili\u011fiyle \u00e7ivi ve renkli teller kullan\u0131larak yap\u0131lan tablo, Fenerbah\u00e7e logosunu detayl\u0131 bir \u015fekilde yans\u0131t\u0131r. Ofis, ev veya taraftar odas\u0131nda sergilenmeye uygundur. Hem anlaml\u0131 bir hediye hem de koleksiyonluk bir par\u00e7ad\u0131r. Tamamen el eme\u011fiyle \u00fcretilmi\u015ftir.<\/p>\n","protected":false},"excerpt":{"rendered":"<p>Fenerbah\u00e7e logosu tasar\u0131ml\u0131 \u00f6zel el yap\u0131m\u0131 filiografi tablo.<\/p>\n<p>&nbsp;<\/p>\n","protected":false},"featured_media":1963,"comment_status":"open","ping_status":"closed","template":"","meta":[],"brand":[],"product_brand":[],"product_cat":[149,122],"product_tag":[131],"class_list":{"0":"post-1961","1":"product","2":"type-product","3":"status-publish","4":"has-post-thumbnail","6":"product_cat-genel","7":"product_cat-filiografimalzemeleri","8":"product_tag-filiografi","9":"grid-item","10":"left-slider","12":"first","13":"instock","14":"sale","15":"shipping-taxable","16":"purchasable","17":"product-type-simple"},"_links":{"self":[{"href":"https:\/\/kuyusanat.com\/index.php?rest_route=\/wp\/v2\/product\/1961","targetHints":{"allow":["GET"]}}],"collection":[{"href":"https:\/\/kuyusanat.com\/index.php?rest_route=\/wp\/v2\/product"}],"about":[{"href":"https:\/\/kuyusanat.com\/index.php?rest_route=\/wp\/v2\/types\/product"}],"replies":[{"embeddable":true,"href":"https:\/\/kuyusanat.com\/index.php?rest_route=%2Fwp%2Fv2%2Fcomments&post=1961"}],"wp:featuredmedia":[{"embeddable":true,"href":"https:\/\/kuyusanat.com\/index.php?rest_route=\/wp\/v2\/media\/1963"}],"wp:attachment":[{"href":"https:\/\/kuyusanat.com\/index.php?rest_route=%2Fwp%2Fv2%2Fmedia&parent=1961"}],"wp:term":[{"taxonomy":"brand","embeddable":true,"href":"https:\/\/kuyusanat.com\/index.php?rest_route=%2Fwp%2Fv2%2Fbrand&post=1961"},{"taxonomy":"product_brand","embeddable":true,"href":"https:\/\/kuyusanat.com\/index.php?rest_route=%2Fwp%2Fv2%2Fproduct_brand&post=1961"},{"taxonomy":"product_cat","embeddable":true,"href":"https:\/\/kuyusanat.com\/index.php?rest_route=%2Fwp%2Fv2%2Fproduct_cat&post=1961"},{"taxonomy":"product_tag","embeddable":true,"href":"https:\/\/kuyusanat.com\/index.php?rest_route=%2Fwp%2Fv2%2Fproduct_tag&post=1961"}],"curies":[{"name":"wp","href":"https:\/\/api.w.org\/{rel}","templated":true}]}}