{"id":1959,"date":"2025-11-20T21:09:49","date_gmt":"2025-11-20T21:09:49","guid":{"rendered":"https:\/\/kuyusanat.com\/?post_type=product&#038;p=1959"},"modified":"2025-11-27T22:33:43","modified_gmt":"2025-11-27T22:33:43","slug":"ay-yildiz-tablo","status":"publish","type":"product","link":"https:\/\/kuyusanat.com\/?product=ay-yildiz-tablo","title":{"rendered":"Ay Y\u0131ld\u0131z Tablo"},"content":{"rendered":"<p>Bu \u00f6zel tasar\u0131m filiografi tablo, T\u00fcrk bayra\u011f\u0131n\u0131n simgesi Ay-Y\u0131ld\u0131z ile Arap\u00e7a harflerle ki\u015fiye \u00f6zel olarak haz\u0131rlan\u0131r. Her bir tablo, tamamen el i\u015f\u00e7ili\u011fiyle \u00e7ivi ve tel kullan\u0131larak \u00fcretilir. Hem manevi de\u011feri hem de estetik duru\u015fuyla ev, ofis veya hediye olarak tercih edilebilir. \u0130sim, dua veya \u00f6zel bir kelimeyle ki\u015fiselle\u015ftirilebilir. Sanat ve anlam\u0131 birle\u015ftiren bu eser, anlaml\u0131 ve \u015f\u0131k bir dekoratif \u00fcr\u00fcnd\u00fcr.<\/p>\n","protected":false},"excerpt":{"rendered":"<p>Ki\u015fiye \u00f6zel, Arap\u00e7a yaz\u0131l\u0131 Ay-Y\u0131ld\u0131z fig\u00fcrl\u00fc \u00f6zel tasar\u0131m filiografi tablo.<\/p>\n","protected":false},"featured_media":1960,"comment_status":"open","ping_status":"closed","template":"","meta":[],"brand":[],"product_brand":[121],"product_cat":[15],"product_tag":[],"class_list":{"0":"post-1959","1":"product","2":"type-product","3":"status-publish","4":"has-post-thumbnail","6":"product_brand-kuyu-sanat","7":"product_cat-hirdavat","8":"grid-item","9":"left-slider","11":"first","12":"instock","13":"shipping-taxable","14":"purchasable","15":"product-type-simple"},"_links":{"self":[{"href":"https:\/\/kuyusanat.com\/index.php?rest_route=\/wp\/v2\/product\/1959","targetHints":{"allow":["GET"]}}],"collection":[{"href":"https:\/\/kuyusanat.com\/index.php?rest_route=\/wp\/v2\/product"}],"about":[{"href":"https:\/\/kuyusanat.com\/index.php?rest_route=\/wp\/v2\/types\/product"}],"replies":[{"embeddable":true,"href":"https:\/\/kuyusanat.com\/index.php?rest_route=%2Fwp%2Fv2%2Fcomments&post=1959"}],"wp:featuredmedia":[{"embeddable":true,"href":"https:\/\/kuyusanat.com\/index.php?rest_route=\/wp\/v2\/media\/1960"}],"wp:attachment":[{"href":"https:\/\/kuyusanat.com\/index.php?rest_route=%2Fwp%2Fv2%2Fmedia&parent=1959"}],"wp:term":[{"taxonomy":"brand","embeddable":true,"href":"https:\/\/kuyusanat.com\/index.php?rest_route=%2Fwp%2Fv2%2Fbrand&post=1959"},{"taxonomy":"product_brand","embeddable":true,"href":"https:\/\/kuyusanat.com\/index.php?rest_route=%2Fwp%2Fv2%2Fproduct_brand&post=1959"},{"taxonomy":"product_cat","embeddable":true,"href":"https:\/\/kuyusanat.com\/index.php?rest_route=%2Fwp%2Fv2%2Fproduct_cat&post=1959"},{"taxonomy":"product_tag","embeddable":true,"href":"https:\/\/kuyusanat.com\/index.php?rest_route=%2Fwp%2Fv2%2Fproduct_tag&post=1959"}],"curies":[{"name":"wp","href":"https:\/\/api.w.org\/{rel}","templated":true}]}}