{"id":1957,"date":"2025-11-20T21:06:42","date_gmt":"2025-11-20T21:06:42","guid":{"rendered":"https:\/\/kuyusanat.com\/?post_type=product&#038;p=1957"},"modified":"2025-11-29T20:22:24","modified_gmt":"2025-11-29T20:22:24","slug":"misaki-milli-tablo","status":"publish","type":"product","link":"https:\/\/kuyusanat.com\/?product=misaki-milli-tablo","title":{"rendered":"Misak\u0131 Milli Tablo"},"content":{"rendered":"<p>Misak-\u0131 Mill\u00ee ruhunu simgeleyen bu \u00f6zel filiografi tablo, \u00e7ivi ve tel sanat\u0131yla \u00f6zenle haz\u0131rlanm\u0131\u015ft\u0131r. El i\u015f\u00e7ili\u011fiyle olu\u015fturulan detaylar, T\u00fcrk milletinin ba\u011f\u0131ms\u0131zl\u0131k ve b\u00fct\u00fcnl\u00fc\u011fe olan ba\u011fl\u0131l\u0131\u011f\u0131n\u0131 simgeler. Duvar dekorasyonuna hem tarih\u00ee bir anlam hem de estetik bir de\u011fer katar. Her bir par\u00e7a sab\u0131r ve ustal\u0131kla \u00fcretilmi\u015ftir. Ofis, \u00e7al\u0131\u015fma odas\u0131 veya anlaml\u0131 bir hediye i\u00e7in ideal bir se\u00e7imdir.<\/p>\n","protected":false},"excerpt":{"rendered":"<p>Milli birlik ve ba\u011f\u0131ms\u0131zl\u0131k ruhunu yans\u0131tan, el yap\u0131m\u0131 \u00f6zel filiografi tablo.<\/p>\n<p>&nbsp;<\/p>\n","protected":false},"featured_media":1958,"comment_status":"open","ping_status":"closed","template":"","meta":[],"brand":[],"product_brand":[121],"product_cat":[15],"product_tag":[],"class_list":{"0":"post-1957","1":"product","2":"type-product","3":"status-publish","4":"has-post-thumbnail","6":"product_brand-kuyu-sanat","7":"product_cat-hirdavat","8":"grid-item","9":"left-slider","11":"first","12":"instock","13":"shipping-taxable","14":"purchasable","15":"product-type-simple"},"_links":{"self":[{"href":"https:\/\/kuyusanat.com\/index.php?rest_route=\/wp\/v2\/product\/1957","targetHints":{"allow":["GET"]}}],"collection":[{"href":"https:\/\/kuyusanat.com\/index.php?rest_route=\/wp\/v2\/product"}],"about":[{"href":"https:\/\/kuyusanat.com\/index.php?rest_route=\/wp\/v2\/types\/product"}],"replies":[{"embeddable":true,"href":"https:\/\/kuyusanat.com\/index.php?rest_route=%2Fwp%2Fv2%2Fcomments&post=1957"}],"wp:featuredmedia":[{"embeddable":true,"href":"https:\/\/kuyusanat.com\/index.php?rest_route=\/wp\/v2\/media\/1958"}],"wp:attachment":[{"href":"https:\/\/kuyusanat.com\/index.php?rest_route=%2Fwp%2Fv2%2Fmedia&parent=1957"}],"wp:term":[{"taxonomy":"brand","embeddable":true,"href":"https:\/\/kuyusanat.com\/index.php?rest_route=%2Fwp%2Fv2%2Fbrand&post=1957"},{"taxonomy":"product_brand","embeddable":true,"href":"https:\/\/kuyusanat.com\/index.php?rest_route=%2Fwp%2Fv2%2Fproduct_brand&post=1957"},{"taxonomy":"product_cat","embeddable":true,"href":"https:\/\/kuyusanat.com\/index.php?rest_route=%2Fwp%2Fv2%2Fproduct_cat&post=1957"},{"taxonomy":"product_tag","embeddable":true,"href":"https:\/\/kuyusanat.com\/index.php?rest_route=%2Fwp%2Fv2%2Fproduct_tag&post=1957"}],"curies":[{"name":"wp","href":"https:\/\/api.w.org\/{rel}","templated":true}]}}