{"id":1955,"date":"2025-11-20T21:03:54","date_gmt":"2025-11-20T21:03:54","guid":{"rendered":"https:\/\/kuyusanat.com\/?post_type=product&#038;p=1955"},"modified":"2026-03-07T11:36:45","modified_gmt":"2026-03-07T11:36:45","slug":"kaftan-filiografi","status":"publish","type":"product","link":"https:\/\/kuyusanat.com\/?product=kaftan-filiografi","title":{"rendered":"Kaftan Filiografi"},"content":{"rendered":"<p>Osmanl\u0131\u2019dan ilham al\u0131narak tasarlanm\u0131\u015f bu filiografi kaftan, \u00e7ivi ve tel ile \u015fekillendirilmi\u015f \u00f6zg\u00fcn bir sanat \u00fcr\u00fcn\u00fcd\u00fcr. El i\u015f\u00e7ili\u011fiyle haz\u0131rlanan desenler, sab\u0131r ve esteti\u011fi bir araya getirerek duvar dekorasyonuna zarif bir hava katar. Ev, ofis veya k\u00fclt\u00fcrel alanlar i\u00e7in \u015f\u0131k bir dekoratif objedir. Her biri tek tek i\u015flenen detaylar sayesinde tamamen el eme\u011fi ve \u00f6zg\u00fcn bir \u00fcr\u00fcnd\u00fcr. Hediye alternatifi olarak da de\u011ferlidir.<\/p>\n","protected":false},"excerpt":{"rendered":"<p>Geleneksel kaftan formunda tasarlanm\u0131\u015f, el yap\u0131m\u0131 \u00f6zel filiografi sanat eseri.<\/p>\n<p>&nbsp;<\/p>\n","protected":false},"featured_media":1956,"comment_status":"open","ping_status":"closed","template":"","meta":[],"brand":[],"product_brand":[121],"product_cat":[149,15,122],"product_tag":[],"class_list":{"0":"post-1955","1":"product","2":"type-product","3":"status-publish","4":"has-post-thumbnail","6":"product_brand-kuyu-sanat","7":"product_cat-genel","8":"product_cat-hirdavat","9":"product_cat-filiografimalzemeleri","10":"grid-item","11":"left-slider","13":"first","14":"instock","15":"shipping-taxable","16":"purchasable","17":"product-type-simple"},"_links":{"self":[{"href":"https:\/\/kuyusanat.com\/index.php?rest_route=\/wp\/v2\/product\/1955","targetHints":{"allow":["GET"]}}],"collection":[{"href":"https:\/\/kuyusanat.com\/index.php?rest_route=\/wp\/v2\/product"}],"about":[{"href":"https:\/\/kuyusanat.com\/index.php?rest_route=\/wp\/v2\/types\/product"}],"replies":[{"embeddable":true,"href":"https:\/\/kuyusanat.com\/index.php?rest_route=%2Fwp%2Fv2%2Fcomments&post=1955"}],"wp:featuredmedia":[{"embeddable":true,"href":"https:\/\/kuyusanat.com\/index.php?rest_route=\/wp\/v2\/media\/1956"}],"wp:attachment":[{"href":"https:\/\/kuyusanat.com\/index.php?rest_route=%2Fwp%2Fv2%2Fmedia&parent=1955"}],"wp:term":[{"taxonomy":"brand","embeddable":true,"href":"https:\/\/kuyusanat.com\/index.php?rest_route=%2Fwp%2Fv2%2Fbrand&post=1955"},{"taxonomy":"product_brand","embeddable":true,"href":"https:\/\/kuyusanat.com\/index.php?rest_route=%2Fwp%2Fv2%2Fproduct_brand&post=1955"},{"taxonomy":"product_cat","embeddable":true,"href":"https:\/\/kuyusanat.com\/index.php?rest_route=%2Fwp%2Fv2%2Fproduct_cat&post=1955"},{"taxonomy":"product_tag","embeddable":true,"href":"https:\/\/kuyusanat.com\/index.php?rest_route=%2Fwp%2Fv2%2Fproduct_tag&post=1955"}],"curies":[{"name":"wp","href":"https:\/\/api.w.org\/{rel}","templated":true}]}}