{"id":1912,"date":"2025-11-20T15:31:29","date_gmt":"2025-11-20T15:31:29","guid":{"rendered":"https:\/\/kuyusanat.com\/?post_type=product&#038;p=1912"},"modified":"2026-03-07T11:36:45","modified_gmt":"2026-03-07T11:36:45","slug":"filiografi-teli-siyah-100gr","status":"publish","type":"product","link":"https:\/\/kuyusanat.com\/?product=filiografi-teli-siyah-100gr","title":{"rendered":"Filiografi Teli Siyah 100Gr"},"content":{"rendered":"<p>100 graml\u0131k siyah filiografi teli, esnek yap\u0131s\u0131 ve dayan\u0131kl\u0131l\u0131\u011f\u0131 sayesinde \u00e7e\u015fitli filiografi \u00e7al\u0131\u015fmalar\u0131nda rahatl\u0131kla kullan\u0131labilir. Telin siyah kaplamas\u0131, tasar\u0131mlara modern ve \u015f\u0131k bir g\u00f6r\u00fcn\u00fcm kazand\u0131r\u0131r. Paslanmaya kar\u015f\u0131 diren\u00e7li yap\u0131s\u0131 uzun \u00f6m\u00fcrl\u00fc kullan\u0131m sunar. Ah\u015fap zeminlere kolay sabitlenebilir ve hem ince hem de detayl\u0131 i\u015f\u00e7ilik gerektiren \u00e7al\u0131\u015fmalar i\u00e7in uygundur. Hobi ama\u00e7l\u0131 kullan\u0131m\u0131n yan\u0131 s\u0131ra profesyonel sanat projeleri i\u00e7in\u00a0de\u00a0idealdir.<\/p>\n","protected":false},"excerpt":{"rendered":"<p>100 graml\u0131k siyah filiografi teli, esnek yap\u0131s\u0131 ve dayan\u0131kl\u0131l\u0131\u011f\u0131 sayesinde \u00e7e\u015fitli filiografi \u00e7al\u0131\u015fmalar\u0131nda rahatl\u0131kla kullan\u0131labilir. Telin siyah kaplamas\u0131, tasar\u0131mlara modern ve \u015f\u0131k bir g\u00f6r\u00fcn\u00fcm kazand\u0131r\u0131r. Paslanmaya kar\u015f\u0131 diren\u00e7li yap\u0131s\u0131 uzun \u00f6m\u00fcrl\u00fc kullan\u0131m sunar. Ah\u015fap zeminlere kolay sabitlenebilir ve hem ince hem de detayl\u0131 i\u015f\u00e7ilik gerektiren \u00e7al\u0131\u015fmalar i\u00e7in uygundur. Hobi ama\u00e7l\u0131 kullan\u0131m\u0131n yan\u0131 s\u0131ra profesyonel sanat projeleri i\u00e7in\u00a0de\u00a0idealdir.<\/p>\n","protected":false},"featured_media":1916,"comment_status":"open","ping_status":"closed","template":"","meta":[],"brand":[],"product_brand":[121],"product_cat":[149,15,122],"product_tag":[131],"class_list":{"0":"post-1912","1":"product","2":"type-product","3":"status-publish","4":"has-post-thumbnail","6":"product_brand-kuyu-sanat","7":"product_cat-genel","8":"product_cat-hirdavat","9":"product_cat-filiografimalzemeleri","10":"product_tag-filiografi","11":"grid-item","12":"left-slider","14":"first","15":"instock","16":"shipping-taxable","17":"purchasable","18":"product-type-simple"},"_links":{"self":[{"href":"https:\/\/kuyusanat.com\/index.php?rest_route=\/wp\/v2\/product\/1912","targetHints":{"allow":["GET"]}}],"collection":[{"href":"https:\/\/kuyusanat.com\/index.php?rest_route=\/wp\/v2\/product"}],"about":[{"href":"https:\/\/kuyusanat.com\/index.php?rest_route=\/wp\/v2\/types\/product"}],"replies":[{"embeddable":true,"href":"https:\/\/kuyusanat.com\/index.php?rest_route=%2Fwp%2Fv2%2Fcomments&post=1912"}],"wp:featuredmedia":[{"embeddable":true,"href":"https:\/\/kuyusanat.com\/index.php?rest_route=\/wp\/v2\/media\/1916"}],"wp:attachment":[{"href":"https:\/\/kuyusanat.com\/index.php?rest_route=%2Fwp%2Fv2%2Fmedia&parent=1912"}],"wp:term":[{"taxonomy":"brand","embeddable":true,"href":"https:\/\/kuyusanat.com\/index.php?rest_route=%2Fwp%2Fv2%2Fbrand&post=1912"},{"taxonomy":"product_brand","embeddable":true,"href":"https:\/\/kuyusanat.com\/index.php?rest_route=%2Fwp%2Fv2%2Fproduct_brand&post=1912"},{"taxonomy":"product_cat","embeddable":true,"href":"https:\/\/kuyusanat.com\/index.php?rest_route=%2Fwp%2Fv2%2Fproduct_cat&post=1912"},{"taxonomy":"product_tag","embeddable":true,"href":"https:\/\/kuyusanat.com\/index.php?rest_route=%2Fwp%2Fv2%2Fproduct_tag&post=1912"}],"curies":[{"name":"wp","href":"https:\/\/api.w.org\/{rel}","templated":true}]}}