{"id":9,"date":"2025-11-19T09:45:04","date_gmt":"2025-11-19T09:45:04","guid":{"rendered":"https:\/\/kuyusanat.com\/?page_id=9"},"modified":"2025-11-19T21:35:52","modified_gmt":"2025-11-19T21:35:52","slug":"sepet","status":"publish","type":"page","link":"https:\/\/kuyusanat.com\/?page_id=9","title":{"rendered":"Sepet"},"content":{"rendered":"\n<div data-block-name=\"woocommerce\/cart\" class=\"wp-block-woocommerce-cart alignwide is-loading\">\n<div data-block-name=\"woocommerce\/filled-cart-block\" class=\"wp-block-woocommerce-filled-cart-block\">\n<div data-block-name=\"woocommerce\/cart-items-block\" class=\"wp-block-woocommerce-cart-items-block\">\n<div data-block-name=\"woocommerce\/cart-line-items-block\" class=\"wp-block-woocommerce-cart-line-items-block\"><\/div>\n\n\n<\/div>\n\n\n\n\n<div data-block-name=\"woocommerce\/cart-totals-block\" class=\"wp-block-woocommerce-cart-totals-block\">\n<div data-block-name=\"woocommerce\/cart-order-summary-block\" class=\"wp-block-woocommerce-cart-order-summary-block\">\n<div data-block-name=\"woocommerce\/cart-order-summary-heading-block\" class=\"wp-block-woocommerce-cart-order-summary-heading-block\"><\/div><div data-block-name=\"woocommerce\/cart-order-summary-coupon-form-block\" class=\"wp-block-woocommerce-cart-order-summary-coupon-form-block\"><\/div><div data-block-name=\"woocommerce\/cart-order-summary-totals-block\" class=\"wp-block-woocommerce-cart-order-summary-totals-block\">\n<div data-block-name=\"woocommerce\/cart-order-summary-subtotal-block\" class=\"wp-block-woocommerce-cart-order-summary-subtotal-block\"><\/div>\n<div data-block-name=\"woocommerce\/cart-order-summary-discount-block\" class=\"wp-block-woocommerce-cart-order-summary-discount-block\"><\/div>\n<div data-block-name=\"woocommerce\/cart-order-summary-fee-block\" class=\"wp-block-woocommerce-cart-order-summary-fee-block\"><\/div>\n<div data-block-name=\"woocommerce\/cart-order-summary-shipping-block\" class=\"wp-block-woocommerce-cart-order-summary-shipping-block\"><\/div>\n<div data-block-name=\"woocommerce\/cart-order-summary-taxes-block\" class=\"wp-block-woocommerce-cart-order-summary-taxes-block\"><\/div><\/div>\n<\/div>\n\n\n\n<div data-block-name=\"woocommerce\/cart-express-payment-block\" class=\"wp-block-woocommerce-cart-express-payment-block\"><\/div>\n\n\n\n<div data-block-name=\"woocommerce\/proceed-to-checkout-block\" class=\"wp-block-woocommerce-proceed-to-checkout-block\"><\/div>\n\n\n\n<div data-block-name=\"woocommerce\/cart-accepted-payment-methods-block\" class=\"wp-block-woocommerce-cart-accepted-payment-methods-block\"><\/div>\n<\/div>\n<\/div>\n\n\n\n<div data-block-name=\"woocommerce\/empty-cart-block\" class=\"wp-block-woocommerce-empty-cart-block\">\n<h2 class=\"wp-block-heading has-text-align-center with-empty-cart-icon wc-block-cart__empty-cart__title\">Sepetiniz \u015fu anda bo\u015f!<\/h2>\n\n\n\n<hr class=\"wp-block-separator has-alpha-channel-opacity is-style-dots\"\/>\n\n\n\n<h2 class=\"wp-block-heading has-text-align-center\">Ma\u011fazada yeni<\/h2>\n\n\n<div data-block-name=\"woocommerce\/product-new\" data-columns=\"4\" data-rows=\"1\" class=\"wc-block-grid wp-block-product-new wp-block-woocommerce-product-new wc-block-product-new has-4-columns\"><ul class=\"wc-block-grid__products\"><li class=\"wc-block-grid__product\">\n\t\t\t\t<a href=\"https:\/\/kuyusanat.com\/?product=cekic-100-gr-hobi-fliografi\" class=\"wc-block-grid__product-link\">\n\t\t\t\t\t<div class=\"wc-block-grid__product-onsale\">\n\t\t\t<span aria-hidden=\"true\">\u0130ndirim<\/span>\n\t\t\t<span class=\"screen-reader-text\">\u0130ndirimdeki \u00fcr\u00fcn<\/span>\n\t\t<\/div>\n\t\t\t\t\t<div class=\"wc-block-grid__product-image\"><img fetchpriority=\"high\" decoding=\"async\" width=\"300\" height=\"300\" src=\"https:\/\/kuyusanat.com\/wp-content\/uploads\/2026\/04\/Cekic-300x300.jpeg\" class=\"attachment-woocommerce_thumbnail size-woocommerce_thumbnail\" alt=\"\u00c7eki\u00e7 100 Gr Hobi-Fliografi\" srcset=\"https:\/\/kuyusanat.com\/wp-content\/uploads\/2026\/04\/Cekic-300x300.jpeg 300w, https:\/\/kuyusanat.com\/wp-content\/uploads\/2026\/04\/Cekic-150x150.jpeg 150w, https:\/\/kuyusanat.com\/wp-content\/uploads\/2026\/04\/Cekic-100x100.jpeg 100w\" sizes=\"(max-width: 300px) 100vw, 300px\" \/><\/div>\n\t\t\t\t\t<div class=\"wc-block-grid__product-title\">\u00c7eki\u00e7 100 Gr Hobi-Fliografi<\/div>\n\t\t\t\t<\/a>\n\t\t\t\t<div class=\"wc-block-grid__product-price price\"><del aria-hidden=\"true\"><span class=\"woocommerce-Price-amount amount\"><span class=\"woocommerce-Price-currencySymbol\">&#8378;<\/span>150.00<\/span><\/del> <span class=\"screen-reader-text\">Orijinal fiyat: &#8378;150.00.<\/span><ins aria-hidden=\"true\"><span class=\"woocommerce-Price-amount amount\"><span class=\"woocommerce-Price-currencySymbol\">&#8378;<\/span>120.00<\/span><\/ins><span class=\"screen-reader-text\">\u015eu andaki fiyat: &#8378;120.00.<\/span><\/div>\n\t\t\t\t\n\t\t\t\t<div class=\"wp-block-button wc-block-grid__product-add-to-cart\"><a href=\"\/index.php?rest_route=%2Fwp%2Fv2%2Fpages%2F9&#038;add-to-cart=2482\" aria-label=\"Sepete ekle: \u201c\u00c7eki\u00e7 100 Gr Hobi-Fliografi\u201d\" data-quantity=\"1\" data-product_id=\"2482\" data-product_sku=\"\" data-price=\"120\" rel=\"nofollow\" class=\"wp-block-button__link  add_to_cart_button ajax_add_to_cart\">Sepete Ekle<\/a><\/div>\n\t\t\t\t<a\r\n\t\thref=\"https:\/\/kuyusanat.com?action=yith-woocompare-add-product&#038;id=2482\"\r\n\t\tclass=\"compare button  \"\r\n\t\tdata-product_id=\"2482\"\r\n\t\ttarget=\"_self\"\r\n\t\trel=\"nofollow\"\r\n\t>\r\n\t\t\t\t<span class=\"label\">\r\n\t\t\tKar\u015f\u0131la\u015ft\u0131r\t\t<\/span>\r\n\t<\/a>\r\n<\/li><li class=\"wc-block-grid__product\">\n\t\t\t\t<a href=\"https:\/\/kuyusanat.com\/?product=tudor-sicak-silikon-tabancasi-60-w\" class=\"wc-block-grid__product-link\">\n\t\t\t\t\t<div class=\"wc-block-grid__product-onsale\">\n\t\t\t<span aria-hidden=\"true\">\u0130ndirim<\/span>\n\t\t\t<span class=\"screen-reader-text\">\u0130ndirimdeki \u00fcr\u00fcn<\/span>\n\t\t<\/div>\n\t\t\t\t\t<div class=\"wc-block-grid__product-image\"><img decoding=\"async\" width=\"300\" height=\"300\" src=\"https:\/\/kuyusanat.com\/wp-content\/uploads\/2026\/04\/WhatsApp-Image-2026-04-02-at-13.05.56-1-300x300.jpeg\" class=\"attachment-woocommerce_thumbnail size-woocommerce_thumbnail\" alt=\"Tudor S\u0131cak Silikon Tabancas\u0131 60 W\" srcset=\"https:\/\/kuyusanat.com\/wp-content\/uploads\/2026\/04\/WhatsApp-Image-2026-04-02-at-13.05.56-1-300x300.jpeg 300w, https:\/\/kuyusanat.com\/wp-content\/uploads\/2026\/04\/WhatsApp-Image-2026-04-02-at-13.05.56-1-150x150.jpeg 150w, https:\/\/kuyusanat.com\/wp-content\/uploads\/2026\/04\/WhatsApp-Image-2026-04-02-at-13.05.56-1-100x100.jpeg 100w\" sizes=\"(max-width: 300px) 100vw, 300px\" \/><\/div>\n\t\t\t\t\t<div class=\"wc-block-grid__product-title\">Tudor S\u0131cak Silikon Tabancas\u0131 60 W<\/div>\n\t\t\t\t<\/a>\n\t\t\t\t<div class=\"wc-block-grid__product-price price\"><del aria-hidden=\"true\"><span class=\"woocommerce-Price-amount amount\"><span class=\"woocommerce-Price-currencySymbol\">&#8378;<\/span>400.00<\/span><\/del> <span class=\"screen-reader-text\">Orijinal fiyat: &#8378;400.00.<\/span><ins aria-hidden=\"true\"><span class=\"woocommerce-Price-amount amount\"><span class=\"woocommerce-Price-currencySymbol\">&#8378;<\/span>320.00<\/span><\/ins><span class=\"screen-reader-text\">\u015eu andaki fiyat: &#8378;320.00.<\/span><\/div>\n\t\t\t\t\n\t\t\t\t<div class=\"wp-block-button wc-block-grid__product-add-to-cart\"><a href=\"\/index.php?rest_route=%2Fwp%2Fv2%2Fpages%2F9&#038;add-to-cart=2476\" aria-label=\"Sepete ekle: \u201cTudor S\u0131cak Silikon Tabancas\u0131 60 W\u201d\" data-quantity=\"1\" data-product_id=\"2476\" data-product_sku=\"10\" data-price=\"320\" rel=\"nofollow\" class=\"wp-block-button__link  add_to_cart_button ajax_add_to_cart\">Sepete Ekle<\/a><\/div>\n\t\t\t\t<a\r\n\t\thref=\"https:\/\/kuyusanat.com?action=yith-woocompare-add-product&#038;id=2476\"\r\n\t\tclass=\"compare button  \"\r\n\t\tdata-product_id=\"2476\"\r\n\t\ttarget=\"_self\"\r\n\t\trel=\"nofollow\"\r\n\t>\r\n\t\t\t\t<span class=\"label\">\r\n\t\t\tKar\u015f\u0131la\u015ft\u0131r\t\t<\/span>\r\n\t<\/a>\r\n<\/li><li class=\"wc-block-grid__product\">\n\t\t\t\t<a href=\"https:\/\/kuyusanat.com\/?product=kinetex-silikon-tabancasi-20-w\" class=\"wc-block-grid__product-link\">\n\t\t\t\t\t<div class=\"wc-block-grid__product-onsale\">\n\t\t\t<span aria-hidden=\"true\">\u0130ndirim<\/span>\n\t\t\t<span class=\"screen-reader-text\">\u0130ndirimdeki \u00fcr\u00fcn<\/span>\n\t\t<\/div>\n\t\t\t\t\t<div class=\"wc-block-grid__product-image\"><img decoding=\"async\" width=\"300\" height=\"300\" src=\"https:\/\/kuyusanat.com\/wp-content\/uploads\/2026\/03\/WhatsApp-Image-2026-03-28-at-16.37.47-300x300.jpeg\" class=\"attachment-woocommerce_thumbnail size-woocommerce_thumbnail\" alt=\"Kinetex Silikon Tabancas\u0131 20 W\" srcset=\"https:\/\/kuyusanat.com\/wp-content\/uploads\/2026\/03\/WhatsApp-Image-2026-03-28-at-16.37.47-300x300.jpeg 300w, https:\/\/kuyusanat.com\/wp-content\/uploads\/2026\/03\/WhatsApp-Image-2026-03-28-at-16.37.47-150x150.jpeg 150w, https:\/\/kuyusanat.com\/wp-content\/uploads\/2026\/03\/WhatsApp-Image-2026-03-28-at-16.37.47-100x100.jpeg 100w\" sizes=\"(max-width: 300px) 100vw, 300px\" \/><\/div>\n\t\t\t\t\t<div class=\"wc-block-grid__product-title\">Kinetex Silikon Tabancas\u0131 20 W<\/div>\n\t\t\t\t<\/a>\n\t\t\t\t<div class=\"wc-block-grid__product-price price\"><del aria-hidden=\"true\"><span class=\"woocommerce-Price-amount amount\"><span class=\"woocommerce-Price-currencySymbol\">&#8378;<\/span>300.00<\/span><\/del> <span class=\"screen-reader-text\">Orijinal fiyat: &#8378;300.00.<\/span><ins aria-hidden=\"true\"><span class=\"woocommerce-Price-amount amount\"><span class=\"woocommerce-Price-currencySymbol\">&#8378;<\/span>250.00<\/span><\/ins><span class=\"screen-reader-text\">\u015eu andaki fiyat: &#8378;250.00.<\/span><\/div>\n\t\t\t\t\n\t\t\t\t<div class=\"wp-block-button wc-block-grid__product-add-to-cart\"><a href=\"\/index.php?rest_route=%2Fwp%2Fv2%2Fpages%2F9&#038;add-to-cart=2458\" aria-label=\"Sepete ekle: \u201cKinetex Silikon Tabancas\u0131 20 W\u201d\" data-quantity=\"1\" data-product_id=\"2458\" data-product_sku=\"\" data-price=\"250\" rel=\"nofollow\" class=\"wp-block-button__link  add_to_cart_button ajax_add_to_cart\">Sepete Ekle<\/a><\/div>\n\t\t\t\t<a\r\n\t\thref=\"https:\/\/kuyusanat.com?action=yith-woocompare-add-product&#038;id=2458\"\r\n\t\tclass=\"compare button  \"\r\n\t\tdata-product_id=\"2458\"\r\n\t\ttarget=\"_self\"\r\n\t\trel=\"nofollow\"\r\n\t>\r\n\t\t\t\t<span class=\"label\">\r\n\t\t\tKar\u015f\u0131la\u015ft\u0131r\t\t<\/span>\r\n\t<\/a>\r\n<\/li><li class=\"wc-block-grid__product\">\n\t\t\t\t<a href=\"https:\/\/kuyusanat.com\/?product=tutkal-kalemi-cubuklari-gluey-seffaf\" class=\"wc-block-grid__product-link\">\n\t\t\t\t\t\n\t\t\t\t\t<div class=\"wc-block-grid__product-image\"><img loading=\"lazy\" decoding=\"async\" width=\"300\" height=\"300\" src=\"https:\/\/kuyusanat.com\/wp-content\/uploads\/2026\/03\/WhatsApp-Image-2026-03-25-at-16.01.19-300x300.jpeg\" class=\"attachment-woocommerce_thumbnail size-woocommerce_thumbnail\" alt=\"Tutkal Kalemi \u00c7ubuklar\u0131\/ Gluey \u015eeffaf\" srcset=\"https:\/\/kuyusanat.com\/wp-content\/uploads\/2026\/03\/WhatsApp-Image-2026-03-25-at-16.01.19-300x300.jpeg 300w, https:\/\/kuyusanat.com\/wp-content\/uploads\/2026\/03\/WhatsApp-Image-2026-03-25-at-16.01.19-150x150.jpeg 150w, https:\/\/kuyusanat.com\/wp-content\/uploads\/2026\/03\/WhatsApp-Image-2026-03-25-at-16.01.19-100x100.jpeg 100w\" sizes=\"(max-width: 300px) 100vw, 300px\" \/><\/div>\n\t\t\t\t\t<div class=\"wc-block-grid__product-title\">Tutkal Kalemi \u00c7ubuklar\u0131\/ Gluey \u015eeffaf<\/div>\n\t\t\t\t<\/a>\n\t\t\t\t<div class=\"wc-block-grid__product-price price\"><span class=\"woocommerce-Price-amount amount\"><span class=\"woocommerce-Price-currencySymbol\">&#8378;<\/span>0.00<\/span><\/div>\n\t\t\t\t\n\t\t\t\t<div class=\"wp-block-button wc-block-grid__product-add-to-cart\"><a href=\"\/index.php?rest_route=%2Fwp%2Fv2%2Fpages%2F9&#038;add-to-cart=2453\" aria-label=\"Sepete ekle: \u201cTutkal Kalemi \u00c7ubuklar\u0131\/ Gluey \u015eeffaf\u201d\" data-quantity=\"1\" data-product_id=\"2453\" data-product_sku=\"\" data-price=\"0\" rel=\"nofollow\" class=\"wp-block-button__link  add_to_cart_button ajax_add_to_cart\">Sepete Ekle<\/a><\/div>\n\t\t\t\t<a\r\n\t\thref=\"https:\/\/kuyusanat.com?action=yith-woocompare-add-product&#038;id=2453\"\r\n\t\tclass=\"compare button  \"\r\n\t\tdata-product_id=\"2453\"\r\n\t\ttarget=\"_self\"\r\n\t\trel=\"nofollow\"\r\n\t>\r\n\t\t\t\t<span class=\"label\">\r\n\t\t\tKar\u015f\u0131la\u015ft\u0131r\t\t<\/span>\r\n\t<\/a>\r\n<\/li><\/ul><\/div><\/div>\n<\/div>\n","protected":false},"excerpt":{"rendered":"","protected":false},"author":1,"featured_media":0,"parent":0,"menu_order":0,"comment_status":"closed","ping_status":"closed","template":"","meta":{"footnotes":""},"class_list":["post-9","page","type-page","status-publish","hentry","grid-item","left-slider"],"_links":{"self":[{"href":"https:\/\/kuyusanat.com\/index.php?rest_route=\/wp\/v2\/pages\/9","targetHints":{"allow":["GET"]}}],"collection":[{"href":"https:\/\/kuyusanat.com\/index.php?rest_route=\/wp\/v2\/pages"}],"about":[{"href":"https:\/\/kuyusanat.com\/index.php?rest_route=\/wp\/v2\/types\/page"}],"author":[{"embeddable":true,"href":"https:\/\/kuyusanat.com\/index.php?rest_route=\/wp\/v2\/users\/1"}],"replies":[{"embeddable":true,"href":"https:\/\/kuyusanat.com\/index.php?rest_route=%2Fwp%2Fv2%2Fcomments&post=9"}],"version-history":[{"count":1,"href":"https:\/\/kuyusanat.com\/index.php?rest_route=\/wp\/v2\/pages\/9\/revisions"}],"predecessor-version":[{"id":1851,"href":"https:\/\/kuyusanat.com\/index.php?rest_route=\/wp\/v2\/pages\/9\/revisions\/1851"}],"wp:attachment":[{"href":"https:\/\/kuyusanat.com\/index.php?rest_route=%2Fwp%2Fv2%2Fmedia&parent=9"}],"curies":[{"name":"wp","href":"https:\/\/api.w.org\/{rel}","templated":true}]}}